{"id":165,"date":"2009-02-14T03:30:35","date_gmt":"2009-02-14T02:30:35","guid":{"rendered":"http:\/\/www.bps-pforzheim.de\/?page_id=165"},"modified":"2017-01-10T20:50:11","modified_gmt":"2017-01-10T19:50:11","slug":"uber-uns","status":"publish","type":"page","link":"http:\/\/www.bps-pforzheim.de\/index.php\/uber-uns\/","title":{"rendered":"\u00dcber uns"},"content":{"rendered":"<p><a href=\"http:\/\/www.bps-pforzheim.de\/wp-content\/uploads\/2015\/12\/Stammesfoto-3.jpg\" rel=\"shadowbox[sbpost-165];player=img;\" title=\"Stammesfoto\"><img decoding=\"async\" loading=\"lazy\" class=\"size-full wp-image-3200 aligncenter\" title=\"Stammesfoto\" src=\"http:\/\/www.bps-pforzheim.de\/wp-content\/uploads\/2015\/12\/Stammesfoto-3.jpg\" alt=\"\" width=\"800\" height=\"533\" srcset=\"http:\/\/www.bps-pforzheim.de\/wp-content\/uploads\/2015\/12\/Stammesfoto-3.jpg 800w, http:\/\/www.bps-pforzheim.de\/wp-content\/uploads\/2015\/12\/Stammesfoto-3-300x199.jpg 300w\" sizes=\"(max-width: 800px) 100vw, 800px\" \/><\/a><\/p>\n<p style=\"text-align: left;\">Pfadfinder &#8211; Wer sind wir?<br \/>\nDiese Frage ist eigentlich ganz leicht zu beantworten:<br \/>\nPFADFINDER.<br \/>\nDas wird Ihnen jetzt wahrscheinlich auch nicht viel helfen, also zun\u00e4chst mal einige Stichpunkte zu diesem Thema:<\/p>\n<p style=\"text-align: left;\">Die Geburtsstunde der Pfadfinder war ca. 1908 in England. Ihr Gr\u00fcnder war Lord Robert Stephenson Smyth Baden Powell of Gilwell.<br \/>\nEr wollte Jugendlichen ein Hobby bieten, das vielseitig, interessant, lehrhaft und sinnvoll ist.<br \/>\nUm dies alles zu vereinigen machte er ein kleines Experiment:<br \/>\nEr machte das erste (sehr erfolgreiche) Pfadfinderlager mit 22 Jungen aus verschiedenen sozialen Schichten.<br \/>\nDiese Erfahrungen verbreiteten sich so schnell in ganz England, dass bereits kurze Zeit sp\u00e4ter bereits 8000 Pfadfinder in England existierten.<br \/>\nDieses &#8222;Fieber&#8220; griff sp\u00e4ter auf die ganze Welt (und nun auch auf Pforzheim) \u00fcber.<br \/>\nHeute gibt es auf der ganzen Welt ca. 30 Millionen Pfadfinder.<\/p>\n<p style=\"text-align: left;\">Nun noch etwas zu unserem Stamm:<\/p>\n<p style=\"text-align: left;\">Die Gr\u00fcndung und erste Aufnahme von Jungpfadfindern und Pfadfindern fand im November 2001 statt.<br \/>\nMomentan haben wir je ein W\u00f6lflingsrudel, eine Pfadfindersippe und eine gemischte Pfadfinder und Roverrunde.<br \/>\nWir sind Mitglied in der Baptistischen Pfadfinderschaft (BPS), geh\u00f6ren aber auch gleichzeitig der Christus Gemeinde Pforzheim (CGP) und somit dem M\u00fclheimer Verband Freikirchlich &#8211; Evangelischer Gemeinden an.<\/p>\n<p><img decoding=\"async\" loading=\"lazy\" style=\"border: 0pt none; background: transparent none repeat scroll 0% 0%; margin-top: 0px;\" src=\"http:\/\/www.bps-pforzheim.de\/wp-content\/uploads\/2009\/02\/Zinzendo.jpg\" alt=\"Zinzendorf\" title=\"Zinzendorf\" width=\"134\" height=\"165\" class=\"alignright size-full wp-image-970\" \/><img decoding=\"async\" loading=\"lazy\" class=\"size-full wp-image-242 alignleft\" style=\"border: 0pt none; background: transparent none repeat scroll 0% 0%; margin-top: 0px;\" title=\"Wappen Zinzendorfs\" src=\"http:\/\/www.bps-pforzheim.de\/wp-content\/uploads\/2009\/02\/wappen_zi2.jpg\" alt=\"Wappen Zinzendorfs\" width=\"107\" height=\"120\" \/><\/p>\n<p style=\"text-align: left;\">Wir haben uns nach dem Gr\u00fcnder der Herrenhuter Br\u00fcdergemeinde Nikolaus Ludwig Graf von Zinzendorf (*1700; \u20201760) benannt. Sein pers\u00f6nliches Vorbild in seiner Liebe zu Jesus, seiner Offenheit f\u00fcr Christen verschiedener Konfessionen, das gelebt Christsein in Wort und Tat und nicht zuletzt, dass bei ihm bereits Frauen, Kinder und Jugendliche entgegen der damaligen Tradition wichtige Aufgaben \u00fcbertragen bekamen best\u00e4tigt, die Entscheidung, diese Pers\u00f6nlichkeit der Kirchengeschichte als Namenspatron zu nehmen.<\/p>\n","protected":false},"excerpt":{"rendered":"<p>Pfadfinder &#8211; Wer sind wir? Diese Frage ist eigentlich ganz leicht zu beantworten: PFADFINDER. Das wird Ihnen jetzt wahrscheinlich auch nicht viel helfen, also zun\u00e4chst mal einige Stichpunkte zu diesem &#8230;<\/p>\n","protected":false},"author":3,"featured_media":0,"parent":0,"menu_order":1,"comment_status":"closed","ping_status":"closed","template":"","meta":[],"_links":{"self":[{"href":"http:\/\/www.bps-pforzheim.de\/index.php\/wp-json\/wp\/v2\/pages\/165"}],"collection":[{"href":"http:\/\/www.bps-pforzheim.de\/index.php\/wp-json\/wp\/v2\/pages"}],"about":[{"href":"http:\/\/www.bps-pforzheim.de\/index.php\/wp-json\/wp\/v2\/types\/page"}],"author":[{"embeddable":true,"href":"http:\/\/www.bps-pforzheim.de\/index.php\/wp-json\/wp\/v2\/users\/3"}],"replies":[{"embeddable":true,"href":"http:\/\/www.bps-pforzheim.de\/index.php\/wp-json\/wp\/v2\/comments?post=165"}],"version-history":[{"count":16,"href":"http:\/\/www.bps-pforzheim.de\/index.php\/wp-json\/wp\/v2\/pages\/165\/revisions"}],"predecessor-version":[{"id":4335,"href":"http:\/\/www.bps-pforzheim.de\/index.php\/wp-json\/wp\/v2\/pages\/165\/revisions\/4335"}],"wp:attachment":[{"href":"http:\/\/www.bps-pforzheim.de\/index.php\/wp-json\/wp\/v2\/media?parent=165"}],"curies":[{"name":"wp","href":"https:\/\/api.w.org\/{rel}","templated":true}]}}